{"id":46236,"date":"2016-03-30T12:45:37","date_gmt":"2016-03-30T10:45:37","guid":{"rendered":"https:\/\/onair.cantinatollo.it\/?page_id=46236"},"modified":"2016-03-30T12:45:37","modified_gmt":"2016-03-30T10:45:37","slug":"cookie-policy","status":"publish","type":"page","link":"https:\/\/onair.cantinatollo.it\/en\/cookie-policy\/","title":{"rendered":"Cookie Policy"},"content":{"rendered":"<p>[vc_row row_height_percent=&#8221;60&#8243; override_padding=&#8221;yes&#8221; h_padding=&#8221;2&#8243; top_padding=&#8221;2&#8243; bottom_padding=&#8221;2&#8243; back_color=&#8221;color-xsdn&#8221; overlay_alpha=&#8221;0&#8243; gutter_size=&#8221;3&#8243; shift_y=&#8221;0&#8243;][vc_column column_width_use_pixel=&#8221;yes&#8221; position_vertical=&#8221;bottom&#8221; align_horizontal=&#8221;align_center&#8221; overlay_alpha=&#8221;50&#8243; gutter_size=&#8221;3&#8243; medium_width=&#8221;0&#8243; shift_x=&#8221;0&#8243; shift_y=&#8221;0&#8243; z_index=&#8221;0&#8243; css_animation=&#8221;bottom-t-top&#8221; animation_delay=&#8221;200&#8243; width=&#8221;1\/1&#8243; column_width_pixel=&#8221;800&#8243;][vc_empty_space empty_h=&#8221;3&#8243;][vc_custom_heading text_size=&#8221;fontsize-112141&#8243; text_weight=&#8221;100&#8243; text_color=&#8221;color-prif&#8221;]<span class=\"font-202503\">Cookie Policy<\/span>[\/vc_custom_heading][vc_separator el_height=&#8221;8px&#8221;][vc_column_text]<\/p>\n<p style=\"text-align: justify;\"><span class=\"font-202503\"><strong>Cosa c\u2019\u00e8 in un cookie?<\/strong><\/span><\/p>\n<p style=\"text-align: justify;\"><span class=\"font-202503\">Un cookie \u00e8 un file di testo semplice memorizzato su un computer o dispositivo mobile dal server di un sito Internet. Tale server sar\u00e0 poi in grado di recuperare o di leggere il contenuto del cookie. I cookie sono gestiti dal browser Internet. Ogni cookie \u00e8 unico e contiene informazioni anonime quali un identificativo unico, il nome del sito, numeri o lettere. Permette a un sito di ricordarsi delle preferenze di navigazione dell\u2019utente.<\/span><\/p>\n<p style=\"text-align: justify;\"><span class=\"font-202503\">Il sito https:\/\/onair.cantinatollo.it non fa uso di cookies per la trasmissione di informazioni di carattere personale; i cookies utilizzati sono essenzialmente:<\/span><\/p>\n<ul style=\"text-align: justify;\">\n<li><span class=\"font-202503\">Cookies tecnici di sessione per consentire all\u2019utente il trasporto di informazioni attraverso le pagine del Sito ed evitare che debbano essere inserite pi\u00f9 volte.<\/span><\/li>\n<li><span class=\"font-202503\">Cookies persistenti per compilare analisi statistiche volte a farci capire come gli utenti utilizzino il sito, in modo da permetterci di migliorare l\u2019interazione sito-utente nei successivi aggiornamento del sito: vengono quindi raccolti dati per fini statistici, in forma aggregata e anonima.<\/span><\/li>\n<li><span class=\"font-202503\">Cookies di terze parti: utilizziamo (vedi punto successivo \u201cGoogle Analytics\u201d) cookie analitici\/di performance che ci permettono di conteggiare il numero di visitatori e di notare come navigano il sito. I dati sono aggregati, non individuali. Con questi cookies possiamo capire come migliorare il sito ovvero come aiutare i prossimi utenti a trovare ancora pi\u00f9 velocemente le informazioni che cercano.<\/span><\/li>\n<\/ul>\n<p style=\"text-align: justify;\"><span class=\"font-202503\">Tali cookies non consentono l\u2019acquisizione di dati personali identificativi dell\u2019utente. Se lo si preferisce, \u00e8 possibile bloccare alcuni o tutti i cookie o persino cancellare i cookie che sono gi\u00e0 stati installati sul proprio computer, tuttavia occorre essere consapevoli che in tal modo vi \u00e8 il rischio di perdere alcune funzionalit\u00e0.<\/span><\/p>\n<p style=\"text-align: justify;\"><span class=\"font-202503\">Qualora l\u2019utente utilizzasse dei computer diversi in differenti postazioni, dovr\u00e0 assicurarsi che ogni singolo browser sia impostato correttamente. L\u2019utente pu\u00f2 facilmente cancellare ogni cookie installato nella cartella cookie, seguendo le procedure previste dal browser utilizzato.<\/span><\/p>\n<p style=\"text-align: justify;\"><span class=\"font-202503\">In particolare il sito utilizza i seguenti cookie:<\/span><\/p>\n<ul style=\"text-align: justify;\">\n<li><span class=\"font-202503\">Cookie area riservata: viene generato un cookie in grado di ricordare username e password dell\u2019utente. In questo modo tali informazioni non dovranno essere reinserite ad ogni visita successiva;<\/span><\/li>\n<li><span class=\"font-202503\">Cookie navigazione mobile: con l\u2019obiettivo di rendere la navigazione esperienziale anche su device di ultima generazione, il presente sito web \u00e8 dotato di un cookie in grado di rilevare, e memorizzare, il dispositivo di accesso utilizzato. In base all\u2019informazione raccolta verr\u00e0 presentata la versione di sito pi\u00f9 adeguata;<\/span><\/li>\n<\/ul>\n<p style=\"text-align: justify;\"><span class=\"font-202503\"><strong>Consenso all\u2019uso dei cookie<\/strong><\/span><\/p>\n<p style=\"text-align: justify;\"><span class=\"font-202503\">L\u2019utente ha a disposizione un\u2019informativa breve che rimanda a questa informativa completa.<\/span><\/p>\n<p style=\"text-align: justify;\"><span class=\"font-202503\">Se l\u2019utente non interagisce con i moduli, preme \u201cOK\u201d, \u201cX\u201d, o esce dall\u2019informativa anche effettuando uno scroll della pagina, chiude la pagina o prosegue la navigazione nel sito, presta il consenso all\u2019uso dei cookie.<\/span><\/p>\n<p style=\"text-align: justify;\"><span class=\"font-202503\"><strong>Google Analytics<\/strong><\/span><\/p>\n<p style=\"text-align: justify;\"><span class=\"font-202503\">Ai fini del rispetto degli obblighi contrattuali assunti nei confronti di Google e con esclusione di qualsiasi responsabilit\u00e0 da parte di Google in merito ai contenuti ivi previsti, si informa l\u2019utente che \u201cGoogle Analytics \u00e8 un servizio di analisi web fornito da Google, Inc. (\u201cGoogle\u201d). Google Analytics utilizza dei \u201ccookies\u201d, che sono file di testo che vengono depositati sul computer dell\u2019utente per consentire al sito di analizzare, in modo anonimo, come gli utenti utilizzano il sito. Le informazioni generate dal cookie sull\u2019utilizzo del sito verranno trasmesse a, e depositate presso i server di Google negli Stati Uniti. Google utilizzer\u00e0 queste informazioni allo scopo di tracciare ed esaminare l\u2019 utilizzo del sito da parte dei visitatori, compilare report sulle attivit\u00e0 del sito per gli operatori dello stesso e fornire altri servizi relativi alle attivit\u00e0 del sito e all\u2019utilizzo di Internet. Google pu\u00f2 anche trasferire queste informazioni a terzi ove ci\u00f2 sia imposto dalla legge o laddove tali terzi trattino le suddette informazioni per conto di Google. Google non assocer\u00e0 l\u2019indirizzo IP dell\u2019utente a nessun altro dato posseduto da Google. L\u2019utente pu\u00f2 rifiutare di usare i cookies selezionando l\u2019impostazione appropriata sul proprio browser, ma ci\u00f2 potrebbe impedire l\u2019utilizzo di tutte le funzionalit\u00e0 del sito. Utilizzando il sito, senza modificare le impostazioni per rifiutare i cookies, l\u2019utente acconsente al trattamento dei suoi dati da parte di Google per le modalit\u00e0 e i fini sopraindicati\u201d.<\/span><\/p>\n<p style=\"text-align: justify;\"><span class=\"font-202503\"><strong>Privacy Policy di alcune delle terze parti che usano i cookies sul nostro sito<\/strong><\/span><\/p>\n<p style=\"text-align: justify;\"><span class=\"font-202503\">Privacy Policy Google: https:\/\/www.google.it\/intl\/it\/policies\/privacy\/<\/span><\/p>\n<p style=\"text-align: justify;\"><span class=\"font-202503\">Un modulo complementare permette di disattivare Google Analytics: https:\/\/tools.google.com\/dlpage\/gaoptout?hl=it<\/span><\/p>\n<p style=\"text-align: justify;\"><span class=\"font-202503\"><strong>Applicazioni di terzi integrate nel nostro sito<\/strong><\/span><\/p>\n<p style=\"text-align: justify;\"><span class=\"font-202503\">Possiamo includere nel nostro sito applicazioni informatiche di terzi, che Vi consentono di condividere i contenuti del nostro sito web con altre persone o di far conoscere a queste altre persone la Vostra consultazione o la Vostra opinione in merito ai contenuti del nostro sito. Questo \u00e8 in particolare il caso di pulsanti come \u201cCondividi\u201d, \u201cmi piace\u201d, forniti dai social network come \u201cFacebook\u201d \u201cTwitter\u201d \u201cGoogle+\u201d, ecc..<\/span><\/p>\n<p style=\"text-align: justify;\"><span class=\"font-202503\">Il social network che presenti uno dei suddetti pulsanti potrebbe identificare l\u2019utente attraverso questo tasto, anche se questo non viene utilizzato quando visitate il nostro sito web.<\/span><\/p>\n<p style=\"text-align: justify;\"><span class=\"font-202503\">In effetti questo tipo di tasto pu\u00f2 consentire al social network in questione di seguire la Vostra navigazione sul nostro sito, semplicemente perch\u00e9 il Vostro account del social network in questione \u00e8 stato attivato sul Vostro terminale (sessione aperta) durante la Vostra visita al nostro sito.<\/span><\/p>\n<p style=\"text-align: justify;\"><span class=\"font-202503\">Non abbiamo alcun controllo sul processo utilizzato dal social network per raccogliere informazioni sulla Vostra navigazione sul nostro sito e collegate ai dati personali di cui dispongono. Vi invitiamo a consultare le privacy policy di questi social network per conoscerne lo scopo di utilizzo, compresa la pubblicit\u00e0, le informazioni di navigazione che possono raccogliere con questi pulsanti di applicazione. Tali policies dovrebbero in particolare consentirVi di esercitare le Vostre scelte presso tali social network, tramite le impostazioni dei Vostri account per l\u2019utilizzo di ciascuno di questi.<\/span><\/p>\n<p style=\"text-align: justify;\"><span class=\"font-202503\"><strong>Come disabilitare i cookie di servizi di terzi<\/strong><\/span><\/p>\n<p style=\"text-align: justify;\"><span class=\"font-202503\">Servizi di Google: http:\/\/www.google.com\/ads\/preferences\/?hl=it<\/span><\/p>\n<p style=\"text-align: justify;\"><span class=\"font-202503\">Facebook: https:\/\/www.facebook.com\/help\/cookies?ref_type=sitefooter<\/span><\/p>\n<p style=\"text-align: justify;\"><span class=\"font-202503\">Twitter: https:\/\/support.twitter.com\/articles\/20170519-uso-dei-cookie-e-di-altre-tecnologie-simili-da-parte-di-twitter<\/span><\/p>\n<p style=\"text-align: justify;\"><span class=\"font-202503\"><strong>Le Vostre scelte relative ai cookies<\/strong><\/span><\/p>\n<p style=\"text-align: justify;\"><span class=\"font-202503\">Avete a disposizione diverse opzioni per gestire i cookies. Tutti i parametri di possibile impostazione da parte Vostra potrebbero determinare modifiche alle Vostre modalit\u00e0 di navigazione Internet e alle Vostre condizioni di accesso ad alcuni servizi che richiedono l\u2019uso di cookies.<\/span><\/p>\n<p style=\"text-align: justify;\"><span class=\"font-202503\">Potete scegliere in qualsiasi momento di esprimere e modificare le Vostre scelte per quanto riguarda i cookies secondo le modalit\u00e0 descritte di seguito.<\/span><\/p>\n<p style=\"text-align: justify;\"><span class=\"font-202503\"><strong>Scelte offerte dal Vostro browser<\/strong><\/span><\/p>\n<p style=\"text-align: justify;\"><span class=\"font-202503\">\u00c8 possibile configurare il browser in modo tale che i cookies siano memorizzati sul dispositivo o, al contrario, vengano respinti, sia sistematicamente sia a seconda dell\u2019emittente. Si pu\u00f2 anche impostare il browser in modo tale che l\u2019accettazione o il rifiuto dei cookies Vi sia richiesta tempestivamente, prima che un cookie venga probabilmente memorizzato sul dispositivo. Per ulteriori informazioni, vedere \u201cCome esercitare la Vostra scelta, a seconda del browser che si utilizza?\u201d<\/span><\/p>\n<p style=\"text-align: justify;\"><span class=\"font-202503\">\u2013 Il consenso ai cookiesLa registrazione di un cookie in un dispositivo \u00e8 essenzialmente subordinata alla volont\u00e0 dell\u2019utente che pu\u00f2 essere espressa e modificata in qualsiasi momento e gratuitamente attraverso le opzioni che vengono offerte dal browser. Se avete accettato attraverso il Vostro browser la registrazione dei cookies nel Vostro terminale, i cookies integrati nelle pagine e nei contenuti che avete consultato potrebbero essere conservati temporaneamente in un\u2019area dedicata del Vostro dispositivo. Questi saranno leggibili soltanto dall\u2019emittente.<\/span><\/p>\n<p style=\"text-align: justify;\"><span class=\"font-202503\">\u2013 Il rifiuto dei cookiesSe rifiutate i cookies nel Vostro terminale, o rimuovete quelli che sono registrati, potresti non essere in grado di utilizzare tutte le nostre funzionalit\u00e0 interattive. Tale sar\u00e0 il caso qualora stiate tentando di accedere ai nostri contenuti o servizi che richiedono l\u2019identificazione. Lo stesso, nel caso in cui noi o i nostri fornitori non possiamo riconoscere, ai fini della compatibilit\u00e0 tecnica, il tipo di browser che utilizza il Vostro dispositivo, le impostazioni della lingua e del display o il paese da cui il terminale viene collegato a Internet. In tali casi, decliniamo ogni responsabilit\u00e0 per le conseguenze legate al cattivo funzionamento dei nostri servizi causato dall\u2019impossibilit\u00e0 per noi di registrare o leggere i cookies necessari per operare e che Voi abbiate rifiutato o cancellato.<\/span><\/p>\n<p style=\"text-align: justify;\"><span class=\"font-202503\">\u2013 Come esercitare la Vostra scelta, a seconda del browser che si utilizza?Per la gestione dei cookies e delle Vostre scelte, la configurazione di ogni browser \u00e8 diverso. Essa \u00e8 descritta nel menu di aiuto del Vostro browser, che Vi permetter\u00e0 di conoscere il modo in cui cambiare le Vostre scelte riguardo i cookies.<\/span><\/p>\n<p style=\"text-align: justify;\"><span class=\"font-202503\">Internet Explorer\u2122: http:\/\/windows.microsoft.com\/it-it\/internet-explorer\/delete-manage-cookies#ie=ie-11<\/span><\/p>\n<p style=\"text-align: justify;\"><span class=\"font-202503\">Safari\u2122:\u00a0https:\/\/support.apple.com\/it-it\/HT201265<\/span><\/p>\n<p style=\"text-align: justify;\"><span class=\"font-202503\">Chrome\u2122: https:\/\/support.google.com\/accounts\/answer\/61416?hl=it<\/span><\/p>\n<p style=\"text-align: justify;\"><span class=\"font-202503\">Firefox\u2122:http:\/\/support.mozilla.org\/it\/kb\/Attivare%20e%20disattivare%20i%20cookie<\/span><\/p>\n<p style=\"text-align: justify;\"><span class=\"font-202503\">Opera\u2122:http:\/\/help.opera.com\/Windows\/10.20\/it\/cookies.html<\/span><\/p>\n<p style=\"text-align: justify;\"><span class=\"font-202503\">Qualora non intendiate acconsentire alla registrazione nel Vostro terminale di cookies, potrete configurare in tal senso lo stesso mediante l\u2019apposita funzionalit\u00e0 del browser o anche attraverso programmi aggiuntivi disponibili in commercio.<strong>Facoltativit\u00e0 del Conferimento dei Dati<\/strong>A parte quanto specificato per i dati di navigazione, il conferimento dei dati personali da parte dell\u2019interessato, per le finalit\u00e0 descritte nel paragrafo precedente \u00e8 da ritenersi facoltativo. Il loro mancato conferimento pu\u00f2 comportare l\u2019impossibilit\u00e0 di usufruire di determinati servizi forniti dal sito.<\/span><\/p>\n<p style=\"text-align: justify;\"><span class=\"font-202503\"><strong>Modalit\u00e0 del Trattamento dei Dati<\/strong><\/span><\/p>\n<p style=\"text-align: justify;\"><span class=\"font-202503\">I dati personali sono trattati con strumenti automatizzati per il tempo strettamente necessario a conseguire gli scopi per cui sono raccolti. Specifiche misure di sicurezza sono osservate per prevenire la perdita dei dati, usi illeciti o non corretti ed accessi non autorizzati.<\/span><\/p>\n<p style=\"text-align: justify;\"><span class=\"font-202503\"><strong>Comunicazione e\/o Diffusione dei Dati<\/strong><\/span><\/p>\n<p style=\"text-align: justify;\"><span class=\"font-202503\">I Suoi dati, oggetto del trattamento, non saranno diffusi ma potranno essere comunicati a societ\u00e0 contrattualmente legate a Cantina Tollo , anche all\u2019interno dell\u2019U.E., presso la capo gruppo Europea, in conformit\u00e0 e nei limiti di cui all\u2019art. 42 del D.Lgs. n. 196\/2003. I dati personali potranno essere trasferiti all\u2019estero in paesi extra UE nell\u2019ambito e nei limiti previsti dall\u2019artt. 43 e 44 lett. b) del D.Lgs. n. 196\/2003, al fine di ottemperare ai contratti o finalit\u00e0 connesse. I dati potranno essere comunicati a terzi appartenenti alle seguenti categorie:<\/span><\/p>\n<p style=\"text-align: justify;\"><span class=\"font-202503\">&#8211; soggetti che forniscono servizi per la gestione del sistema informativo usato da Cantina Tollo e delle reti di telecomunicazioni (ivi compresa la posta elettronica);<\/span><\/p>\n<p style=\"text-align: justify;\"><span class=\"font-202503\">&#8211; studi o societ\u00e0 nell\u2019ambito di rapporti di assistenza e consulenza;<\/span><\/p>\n<p style=\"text-align: justify;\"><span class=\"font-202503\">&#8211; autorit\u00e0 competenti per adempimenti di obblighi di leggi e\/o di disposizioni di organi pubblici, su richiesta.<\/span><\/p>\n<p style=\"text-align: justify;\"><span class=\"font-202503\">I soggetti appartenenti alle categorie suddette svolgono la funzione di Responsabile del trattamento dei dati, oppure operano in totale autonomia come distinti Titolari del trattamento. L\u2019elenco dei responsabili\u00a0\u00e8 costantemente aggiornato e disponibile presso la sede di Cantina Tollo. \u00a0Ogni ulteriore comunicazione o diffusione avverr\u00e0 solo previo Suo esplicito consenso.<\/span><\/p>\n<p style=\"text-align: justify;\"><span class=\"font-202503\"><strong>Diritti degli Interessati<\/strong><\/span><\/p>\n<p style=\"text-align: justify;\"><span class=\"font-202503\">Gli \u201cinteressati\u201d, ovvero le persone fisiche, le persone giuridiche, gli enti o le associazioni, cui si riferiscono i dati hanno il diritto, in qualunque momento, di ottenere la conferma dell\u2019esistenza o meno dei medesimi dati e di conoscerne il contenuto e l\u2019origine, verificarne l\u2019esattezza o chiederne l\u2019integrazione o l\u2019aggiornamento, oppure la rettificazione ai sensi dell\u2019art. 7 del D.Lgs. 30\/06\/2003, n. 196. Ai sensi del medesimo articolo gli interessati hanno altres\u00ec il diritto di chiedere la cancellazione, la trasformazione in forma anonima o il blocco dei dati che li riguardano, trattati in violazione di legge, nonch\u00e9 di opporsi in ogni caso, per motivi legittimi, al loro trattamento.<\/span><\/p>\n<p style=\"text-align: justify;\"><span class=\"font-202503\">Eventuali comunicazioni posso essere inoltrate alla casella e-mail: info@cantinatollo.it o inviando un FAX a +39 0871 962122<\/span><\/p>\n<p>[\/vc_column_text][vc_empty_space empty_h=&#8221;3&#8243;][vc_button button_color=&#8221;color-jevc&#8221; size=&#8221;btn-sm&#8221; radius=&#8221;btn-square&#8221; width=&#8221;200&#8243; link=&#8221;url:http%3A%2F%2Fwww.cantinatollo.it%2Fprivacy-policy%2F||&#8221;]Privacy Policy[\/vc_button][vc_empty_space empty_h=&#8221;3&#8243;][\/vc_column][\/vc_row]<\/p>\n","protected":false},"excerpt":{"rendered":"<p>[vc_row row_height_percent=&#8221;60&#8243; override_padding=&#8221;yes&#8221; h_padding=&#8221;2&#8243; top_padding=&#8221;2&#8243; bottom_padding=&#8221;2&#8243; back_color=&#8221;color-xsdn&#8221; overlay_alpha=&#8221;0&#8243; gutter_size=&#8221;3&#8243; shift_y=&#8221;0&#8243;][vc_column column_width_use_pixel=&#8221;yes&#8221; position_vertical=&#8221;bottom&#8221; align_horizontal=&#8221;align_center&#8221; overlay_alpha=&#8221;50&#8243; gutter_size=&#8221;3&#8243; medium_width=&#8221;0&#8243; shift_x=&#8221;0&#8243; shift_y=&#8221;0&#8243; z_index=&#8221;0&#8243; css_animation=&#8221;bottom-t-top&#8221; [&hellip;]<\/p>\n","protected":false},"author":2,"featured_media":0,"parent":0,"menu_order":0,"comment_status":"closed","ping_status":"closed","template":"","meta":{"footnotes":""},"yoast_head":"<!-- This site is optimized with the Yoast SEO plugin v21.2 - https:\/\/yoast.com\/wordpress\/plugins\/seo\/ -->\n<title>Cookie Policy - Cantina Tollo<\/title>\n<meta name=\"description\" content=\"Chardonnay 100%, vino bianco nato da un vitigno internazionale felicemente radicato nel territorio abruzzese e Medaglia d\u2019Oro Chardonnay du Monde nel 2011.\" \/>\n<meta name=\"robots\" content=\"index, follow, max-snippet:-1, max-image-preview:large, max-video-preview:-1\" \/>\n<link rel=\"canonical\" href=\"https:\/\/onair.cantinatollo.it\/en\/cookie-policy\/\" \/>\n<meta property=\"og:locale\" content=\"en_US\" \/>\n<meta property=\"og:type\" content=\"article\" \/>\n<meta property=\"og:title\" content=\"Cookie Policy - Cantina Tollo\" \/>\n<meta property=\"og:description\" content=\"Chardonnay 100%, vino bianco nato da un vitigno internazionale felicemente radicato nel territorio abruzzese e Medaglia d\u2019Oro Chardonnay du Monde nel 2011.\" \/>\n<meta property=\"og:url\" content=\"https:\/\/onair.cantinatollo.it\/en\/cookie-policy\/\" \/>\n<meta property=\"og:site_name\" content=\"Cantina Tollo\" \/>\n<meta name=\"twitter:card\" content=\"summary_large_image\" \/>\n<meta name=\"twitter:label1\" content=\"Est. reading time\" \/>\n\t<meta name=\"twitter:data1\" content=\"10 minutes\" \/>\n<script type=\"application\/ld+json\" class=\"yoast-schema-graph\">{\"@context\":\"https:\/\/schema.org\",\"@graph\":[{\"@type\":\"WebPage\",\"@id\":\"https:\/\/onair.cantinatollo.it\/en\/cookie-policy\/\",\"url\":\"https:\/\/onair.cantinatollo.it\/en\/cookie-policy\/\",\"name\":\"Cookie Policy - Cantina Tollo\",\"isPartOf\":{\"@id\":\"https:\/\/onair.cantinatollo.it\/#website\"},\"datePublished\":\"2016-03-30T10:45:37+00:00\",\"dateModified\":\"2016-03-30T10:45:37+00:00\",\"description\":\"Chardonnay 100%, vino bianco nato da un vitigno internazionale felicemente radicato nel territorio abruzzese e Medaglia d\u2019Oro Chardonnay du Monde nel 2011.\",\"breadcrumb\":{\"@id\":\"https:\/\/onair.cantinatollo.it\/en\/cookie-policy\/#breadcrumb\"},\"inLanguage\":\"en-US\",\"potentialAction\":[{\"@type\":\"ReadAction\",\"target\":[\"https:\/\/onair.cantinatollo.it\/en\/cookie-policy\/\"]}]},{\"@type\":\"BreadcrumbList\",\"@id\":\"https:\/\/onair.cantinatollo.it\/en\/cookie-policy\/#breadcrumb\",\"itemListElement\":[{\"@type\":\"ListItem\",\"position\":1,\"name\":\"Home\",\"item\":\"https:\/\/onair.cantinatollo.it\/en\/\"},{\"@type\":\"ListItem\",\"position\":2,\"name\":\"Cookie Policy\"}]},{\"@type\":\"WebSite\",\"@id\":\"https:\/\/onair.cantinatollo.it\/#website\",\"url\":\"https:\/\/onair.cantinatollo.it\/\",\"name\":\"Cantina Tollo\",\"description\":\"Dentro la Cantina\",\"potentialAction\":[{\"@type\":\"SearchAction\",\"target\":{\"@type\":\"EntryPoint\",\"urlTemplate\":\"https:\/\/onair.cantinatollo.it\/?s={search_term_string}\"},\"query-input\":\"required name=search_term_string\"}],\"inLanguage\":\"en-US\"}]}<\/script>\n<!-- \/ Yoast SEO plugin. -->","yoast_head_json":{"title":"Cookie Policy - Cantina Tollo","description":"Chardonnay 100%, vino bianco nato da un vitigno internazionale felicemente radicato nel territorio abruzzese e Medaglia d\u2019Oro Chardonnay du Monde nel 2011.","robots":{"index":"index","follow":"follow","max-snippet":"max-snippet:-1","max-image-preview":"max-image-preview:large","max-video-preview":"max-video-preview:-1"},"canonical":"https:\/\/onair.cantinatollo.it\/en\/cookie-policy\/","og_locale":"en_US","og_type":"article","og_title":"Cookie Policy - Cantina Tollo","og_description":"Chardonnay 100%, vino bianco nato da un vitigno internazionale felicemente radicato nel territorio abruzzese e Medaglia d\u2019Oro Chardonnay du Monde nel 2011.","og_url":"https:\/\/onair.cantinatollo.it\/en\/cookie-policy\/","og_site_name":"Cantina Tollo","twitter_card":"summary_large_image","twitter_misc":{"Est. reading time":"10 minutes"},"schema":{"@context":"https:\/\/schema.org","@graph":[{"@type":"WebPage","@id":"https:\/\/onair.cantinatollo.it\/en\/cookie-policy\/","url":"https:\/\/onair.cantinatollo.it\/en\/cookie-policy\/","name":"Cookie Policy - Cantina Tollo","isPartOf":{"@id":"https:\/\/onair.cantinatollo.it\/#website"},"datePublished":"2016-03-30T10:45:37+00:00","dateModified":"2016-03-30T10:45:37+00:00","description":"Chardonnay 100%, vino bianco nato da un vitigno internazionale felicemente radicato nel territorio abruzzese e Medaglia d\u2019Oro Chardonnay du Monde nel 2011.","breadcrumb":{"@id":"https:\/\/onair.cantinatollo.it\/en\/cookie-policy\/#breadcrumb"},"inLanguage":"en-US","potentialAction":[{"@type":"ReadAction","target":["https:\/\/onair.cantinatollo.it\/en\/cookie-policy\/"]}]},{"@type":"BreadcrumbList","@id":"https:\/\/onair.cantinatollo.it\/en\/cookie-policy\/#breadcrumb","itemListElement":[{"@type":"ListItem","position":1,"name":"Home","item":"https:\/\/onair.cantinatollo.it\/en\/"},{"@type":"ListItem","position":2,"name":"Cookie Policy"}]},{"@type":"WebSite","@id":"https:\/\/onair.cantinatollo.it\/#website","url":"https:\/\/onair.cantinatollo.it\/","name":"Cantina Tollo","description":"Dentro la Cantina","potentialAction":[{"@type":"SearchAction","target":{"@type":"EntryPoint","urlTemplate":"https:\/\/onair.cantinatollo.it\/?s={search_term_string}"},"query-input":"required name=search_term_string"}],"inLanguage":"en-US"}]}},"_links":{"self":[{"href":"https:\/\/onair.cantinatollo.it\/en\/wp-json\/wp\/v2\/pages\/46236"}],"collection":[{"href":"https:\/\/onair.cantinatollo.it\/en\/wp-json\/wp\/v2\/pages"}],"about":[{"href":"https:\/\/onair.cantinatollo.it\/en\/wp-json\/wp\/v2\/types\/page"}],"author":[{"embeddable":true,"href":"https:\/\/onair.cantinatollo.it\/en\/wp-json\/wp\/v2\/users\/2"}],"replies":[{"embeddable":true,"href":"https:\/\/onair.cantinatollo.it\/en\/wp-json\/wp\/v2\/comments?post=46236"}],"version-history":[{"count":0,"href":"https:\/\/onair.cantinatollo.it\/en\/wp-json\/wp\/v2\/pages\/46236\/revisions"}],"wp:attachment":[{"href":"https:\/\/onair.cantinatollo.it\/en\/wp-json\/wp\/v2\/media?parent=46236"}],"curies":[{"name":"wp","href":"https:\/\/api.w.org\/{rel}","templated":true}]}}